{"id":113,"date":"2021-03-04T14:32:07","date_gmt":"2021-03-04T13:32:07","guid":{"rendered":"https:\/\/parents-to-be.info\/?page_id=113"},"modified":"2023-04-24T20:19:11","modified_gmt":"2023-04-24T19:19:11","slug":"start","status":"publish","type":"page","link":"https:\/\/multiples.parents-to-be.info\/?lang=de","title":{"rendered":"Liebe werdende M\u00fctter\/Eltern von Mehrlingen, herzlich willkommen!"},"content":{"rendered":"<p style=\"font-weight: 400;\"><strong>Wir freuen uns, dass Sie uns gefunden haben. Wenn Sie diesen Text weiterverfolgen, erfahren Sie wesentliche Aspekte \u00fcber Ihre Schwanger- und Elternschaft. <\/strong><\/p>\r\n<p style=\"font-weight: 400;\"><strong>Sie finden auch Informationstexte zum Ausdrucken, die Sie mit Ihrem behandelndem Betreuerteam besprechen k\u00f6nnen.<\/strong><\/p>\r\n<div><span lang=\"DE\"><span lang=\"DE\">Begleitend zu dem Buch \u201cZwillings- oder Mehrlingsschwangerschaft und -Geburt\u201d (Berlin, de Gruyter Verlag 2021)\u00a0m\u00f6chten wir (Prof.Dr. med.Dr.h.c. Birgit Arabin, Prof.Dr.med.Ulrich Gembruch, PD Dr.med. Amr Hamza, Prof.Dr.med. Ioannis Kyvernitakis )\u00a0<\/span><\/span>werdenden Mehrlingseltern hilfreiche Informationen zur Verf\u00fcgung stellen.<\/div>\r\n<p style=\"text-align: left;\"><img loading=\"lazy\" decoding=\"async\" src=\"https:\/\/multiples.parents-to-be.info\/wp-content\/uploads\/2021\/06\/BuchCover3-1-215x300.jpg\" alt=\"\" width=\"230\" height=\"321\" class=\" wp-image-598 alignleft\" srcset=\"https:\/\/multiples.parents-to-be.info\/wp-content\/uploads\/2021\/06\/BuchCover3-1-215x300.jpg 215w, https:\/\/multiples.parents-to-be.info\/wp-content\/uploads\/2021\/06\/BuchCover3-1.jpg 363w\" sizes=\"auto, (max-width: 230px) 100vw, 230px\" \/><\/p>\r\n<p style=\"font-weight: 400;\">Die Autoren hoffen, dass es durch die vorliegenden Information Eltern leichter f\u00e4llt, Entscheidungen \u00fcber ihre eigene Gesundheit und die der Nachkommenschaft zu treffen und diese umzusetzen. Dazu geh\u00f6ren Entscheidungen zur pr\u00e4natalen Diagnostik, Lebensstil, Gewichtskontrolle, Geburt und postnatale Aspekte, z.B. Stillen und weitere Nachuntersuchungen.\u00a0<\/p>\r\n<p style=\"font-weight: 400;\">Die integrierten Informationsformulare k\u00f6nnen Sie ausdrucken und lesen. Damit haben Sie ein gutes R\u00fcstzeug, um die Aspekte auch mit Ihren behandelnden \u00c4rzten und Hebammen zu besprechen.\u00a0<\/p>\r\n<p><span style=\"font-weight: 400;\">Unsere Themen sind<\/span><span style=\"font-weight: 400;\"> derzeit begrenzt. Wir sind offen f\u00fcr weitere Anregungen und Korrekturen. Wir sind erreichbar \u00fcber email:\u00a0<span style=\"color: #0000ff;\">bine.clara.angela@gmail.com<\/span> oder <span style=\"color: #0000ff;\">dramrh@gmail.com<\/span><\/span>.<\/p>\r\n<p>&nbsp;<\/p>\r\n<ul>\r\n<li><span style=\"color: #0000ff;\"><strong><a href=\"https:\/\/multiples.parents-to-be.info\/?page_id=395&amp;lang=de\" style=\"color: #0000ff;\">Ultraschalluntersuchungen und Dopplersonographie<\/a><\/strong><\/span><\/li>\r\n<li><span style=\"color: #0000ff;\"><strong><a href=\"https:\/\/multiples.parents-to-be.info\/?page_id=414&amp;lang=de\" style=\"color: #0000ff;\">Fr\u00fche invasive und nicht-invasive Diagnostik zum Ausschluss\u00a0chromosomaler oder genetischer Fehlbildungen<\/a><\/strong><\/span><\/li>\r\n<li><span style=\"color: #0000ff;\"><strong><a href=\"https:\/\/multiples.parents-to-be.info\/?page_id=407&amp;lang=de\" style=\"color: #0000ff;\">Gewicht und Gewichtsverlauf<\/a><\/strong><\/span><\/li>\r\n<li><span style=\"color: #0000ff;\"><strong><a href=\"https:\/\/multiples.parents-to-be.info\/?p=664&amp;lang=de\" style=\"color: #0000ff;\">Fr\u00fchgeburtspr\u00e4vention\u00a0<\/a><\/strong><\/span><\/li>\r\n<li><span style=\"color: #0000ff;\"><strong><a href=\"https:\/\/multiples.parents-to-be.info\/?page_id=68&amp;lang=de\" style=\"color: #0000ff;\">Wichtiges zur Geburt von Zwillingen\/h\u00f6hergradigen Mehrlingen<\/a><\/strong><\/span><\/li>\r\n<li><span style=\"color: #0000ff;\"><strong><a href=\"https:\/\/multiples.parents-to-be.info\/?page_id=431&amp;lang=de\" style=\"color: #0000ff;\">Stillen bei Mehrlingen<\/a><\/strong><\/span><\/li>\r\n<\/ul>\r\n\r\n<div class=\"wp-block-columns container\" style=\"padding-left: 40px;\">\r\n<div class=\"wp-block-column\" style=\"padding-left: 40px;\">\r\n<div aria-hidden=\"true\" class=\"wp-block-spacer\" style=\"padding-left: 40px;\"><\/div>\r\n<\/div>\r\n<\/div>\r\n<p><img loading=\"lazy\" decoding=\"async\" src=\"https:\/\/multiples.parents-to-be.info\/wp-content\/uploads\/2021\/06\/logo_caf_header-300x31.jpg\" alt=\"\" width=\"648\" height=\"67\" class=\"wp-image-482 aligncenter\" srcset=\"https:\/\/multiples.parents-to-be.info\/wp-content\/uploads\/2021\/06\/logo_caf_header-300x31.jpg 300w, https:\/\/multiples.parents-to-be.info\/wp-content\/uploads\/2021\/06\/logo_caf_header-768x80.jpg 768w, https:\/\/multiples.parents-to-be.info\/wp-content\/uploads\/2021\/06\/logo_caf_header.jpg 965w\" sizes=\"auto, (max-width: 648px) 100vw, 648px\" \/> \u00a0<\/p>","protected":false},"excerpt":{"rendered":"<p>Wir freuen uns, dass Sie uns gefunden haben. Wenn Sie diesen Text weiterverfolgen, erfahren Sie wesentliche Aspekte \u00fcber Ihre Schwanger- und Elternschaft. Sie finden auch Informationstexte zum Ausdrucken, die Sie mit Ihrem behandelndem Betreuerteam besprechen k\u00f6nnen. Begleitend zu dem Buch \u201cZwillings- oder Mehrlingsschwangerschaft und -Geburt\u201d (Berlin, de Gruyter Verlag 2021)\u00a0m\u00f6chten [&hellip;]<\/p>\n","protected":false},"author":1,"featured_media":0,"parent":0,"menu_order":0,"comment_status":"closed","ping_status":"closed","template":"","meta":{"footnotes":""},"class_list":["post-113","page","type-page","status-publish","hentry"],"_links":{"self":[{"href":"https:\/\/multiples.parents-to-be.info\/index.php?rest_route=\/wp\/v2\/pages\/113","targetHints":{"allow":["GET"]}}],"collection":[{"href":"https:\/\/multiples.parents-to-be.info\/index.php?rest_route=\/wp\/v2\/pages"}],"about":[{"href":"https:\/\/multiples.parents-to-be.info\/index.php?rest_route=\/wp\/v2\/types\/page"}],"author":[{"embeddable":true,"href":"https:\/\/multiples.parents-to-be.info\/index.php?rest_route=\/wp\/v2\/users\/1"}],"replies":[{"embeddable":true,"href":"https:\/\/multiples.parents-to-be.info\/index.php?rest_route=%2Fwp%2Fv2%2Fcomments&post=113"}],"version-history":[{"count":64,"href":"https:\/\/multiples.parents-to-be.info\/index.php?rest_route=\/wp\/v2\/pages\/113\/revisions"}],"predecessor-version":[{"id":1017,"href":"https:\/\/multiples.parents-to-be.info\/index.php?rest_route=\/wp\/v2\/pages\/113\/revisions\/1017"}],"wp:attachment":[{"href":"https:\/\/multiples.parents-to-be.info\/index.php?rest_route=%2Fwp%2Fv2%2Fmedia&parent=113"}],"curies":[{"name":"wp","href":"https:\/\/api.w.org\/{rel}","templated":true}]}}