{"id":431,"date":"2021-06-18T08:43:06","date_gmt":"2021-06-18T07:43:06","guid":{"rendered":"https:\/\/multiples.parents-to-be.info\/?page_id=431"},"modified":"2023-04-24T21:50:33","modified_gmt":"2023-04-24T20:50:33","slug":"stillen","status":"publish","type":"page","link":"https:\/\/multiples.parents-to-be.info\/?page_id=431&lang=de","title":{"rendered":"Stillen"},"content":{"rendered":"<div>\n<p><span lang=\"DE\">Bereits vor der Geburt sollten Sie wissen, dass Stillen sowohl Ihre als auch die Gesundheit Ihrer Kinder f\u00f6rdert. Dies stellt bei Zwillingen oder h\u00f6hergradigen Mehrlingen allerdings eine gr\u00f6\u00dfere Herausforderung dar. Daher ist es gut, sich innerhalb der Familie bereits darauf vorzubereiten.<o:p><\/o:p><\/span><\/p>\n<\/div>\n<div>\n<p><span lang=\"DE\">Unvorbereiteten Mehrlingsm\u00fcttern f\u00e4llt es schwerer, <span>\u00a0<\/span>nach der Geburt zu stillen. Sie brauchen auch die Unterst\u00fctzung Ihrer Umgebung. Nehmen Sie sich ohne Leistungsdruck vor, mindestens 6 Monate lang beide Kinder zu stillen, <span>\u00a0<\/span>nicht zu fr\u00fch aufzugeben und die Familie darauf vorzubereiten.<o:p><\/o:p><\/span><\/p>\n<\/div>\n<div>\n<p><span lang=\"DE\">Mehr Information finden Sie auf unserem\u00a0<\/span><span lang=\"DE\" style=\"color: #0000ff;\"><a href=\"https:\/\/multiples.parents-to-be.info\/wp-content\/uploads\/2023\/02\/Stillen.pdf\" style=\"color: #0000ff;\"><b>Informationsbogen<\/b><\/a><\/span><strong><span lang=\"DE\">,<\/span><\/strong><span lang=\"DE\">\u00a0das Sie auch gerne mit Ihrem behandelnden Arzt, Ihrer Hebamme, Ihrer Stillberaterin oder innerhalb Ihres vertrauten Kreises besprechen k\u00f6nnen.<o:p><\/o:p><\/span><\/p>\n<\/div>\n<div>\n<p><strong><span lang=\"DE\">Seien Sie optimistisch und sorgen Sie daf\u00fcr, dass Sie durch das Stillen etwas f\u00fcr die Gesundheit Ihrer zuk\u00fcnftigen Familien tun k\u00f6nnen.\u00a0<\/span><\/strong><span lang=\"DE\"><o:p><\/o:p><\/span><\/p>\n<\/div>\n<div>\n<p><strong><span lang=\"DE\">Ist es mal m\u00fchsam, sagen Sie sich: \u201eWenn es die W\u00f6lfin in Rom geschafft hat, schaffe <span>\u00a0<\/span>ich <span>\u00a0<\/span>es doch auch!\u201c\u00a0<\/span><\/strong><span lang=\"DE\"><o:p><\/o:p><\/span><\/p>\n<\/div>\n","protected":false},"excerpt":{"rendered":"<p>Bereits vor der Geburt sollten Sie wissen, dass Stillen sowohl Ihre als auch die Gesundheit Ihrer Kinder f\u00f6rdert. Dies stellt bei Zwillingen oder h\u00f6hergradigen Mehrlingen allerdings eine gr\u00f6\u00dfere Herausforderung dar. Daher ist es gut, sich innerhalb der Familie bereits darauf vorzubereiten. Unvorbereiteten Mehrlingsm\u00fcttern f\u00e4llt es schwerer, \u00a0nach der Geburt zu [&hellip;]<\/p>\n","protected":false},"author":2,"featured_media":0,"parent":424,"menu_order":3,"comment_status":"closed","ping_status":"closed","template":"","meta":{"footnotes":""},"class_list":["post-431","page","type-page","status-publish","hentry"],"_links":{"self":[{"href":"https:\/\/multiples.parents-to-be.info\/index.php?rest_route=\/wp\/v2\/pages\/431","targetHints":{"allow":["GET"]}}],"collection":[{"href":"https:\/\/multiples.parents-to-be.info\/index.php?rest_route=\/wp\/v2\/pages"}],"about":[{"href":"https:\/\/multiples.parents-to-be.info\/index.php?rest_route=\/wp\/v2\/types\/page"}],"author":[{"embeddable":true,"href":"https:\/\/multiples.parents-to-be.info\/index.php?rest_route=\/wp\/v2\/users\/2"}],"replies":[{"embeddable":true,"href":"https:\/\/multiples.parents-to-be.info\/index.php?rest_route=%2Fwp%2Fv2%2Fcomments&post=431"}],"version-history":[{"count":15,"href":"https:\/\/multiples.parents-to-be.info\/index.php?rest_route=\/wp\/v2\/pages\/431\/revisions"}],"predecessor-version":[{"id":1050,"href":"https:\/\/multiples.parents-to-be.info\/index.php?rest_route=\/wp\/v2\/pages\/431\/revisions\/1050"}],"up":[{"embeddable":true,"href":"https:\/\/multiples.parents-to-be.info\/index.php?rest_route=\/wp\/v2\/pages\/424"}],"wp:attachment":[{"href":"https:\/\/multiples.parents-to-be.info\/index.php?rest_route=%2Fwp%2Fv2%2Fmedia&parent=431"}],"curies":[{"name":"wp","href":"https:\/\/api.w.org\/{rel}","templated":true}]}}