{"id":61,"date":"2021-03-04T13:48:01","date_gmt":"2021-03-04T12:48:01","guid":{"rendered":"https:\/\/parents-to-be.info\/?page_id=61"},"modified":"2023-03-04T22:46:53","modified_gmt":"2023-03-04T21:46:53","slug":"schwangerschaft","status":"publish","type":"page","link":"https:\/\/multiples.parents-to-be.info\/?page_id=61&lang=de","title":{"rendered":"W\u00e4hrend der Schwangerschaft"},"content":{"rendered":"<p><span>W\u00e4hrend der Schwangerschaft<\/span><\/p>\n<p style=\"padding-left: 120px;\"><a href=\"https:\/\/multiples.parents-to-be.info\/?page_id=395&amp;lang=de\">Ultraschalluntersuchungen (Sonographie) und Dopplersonographie bei Zwillings- und Mehrlingsschwangerschaften<\/a><\/p>\n<p style=\"padding-left: 120px;\"><a href=\"https:\/\/multiples.parents-to-be.info\/?page_id=414&amp;lang=de\">Fr\u00fche invasive und niche-invasive Diagnostik zum Ausschluss chromosomal\/genetischer Fehlbildungen bei Mehrlingen<\/a><\/p>\n<p style=\"padding-left: 120px;\"><a href=\"https:\/\/multiples.parents-to-be.info\/?page_id=407&amp;lang=de\">M\u00fctterliches Gewicht und Gewichtsverlauf<\/a><\/p>\n<p style=\"padding-left: 120px;\"><a href=\"https:\/\/multiples.parents-to-be.info\/?p=664&amp;lang=de\">Diagnostik und Pr\u00e4vention der drohenden Fr\u00fchgeburt bei Mehrlingsschwangerschaften<\/a><\/p>\n","protected":false},"excerpt":{"rendered":"<p>W\u00e4hrend der Schwangerschaft Ultraschalluntersuchungen (Sonographie) und Dopplersonographie bei Zwillings- und Mehrlingsschwangerschaften Fr\u00fche invasive und niche-invasive Diagnostik zum Ausschluss chromosomal\/genetischer Fehlbildungen bei Mehrlingen M\u00fctterliches Gewicht und Gewichtsverlauf Diagnostik und Pr\u00e4vention der drohenden Fr\u00fchgeburt bei Mehrlingsschwangerschaften<\/p>\n","protected":false},"author":1,"featured_media":0,"parent":0,"menu_order":0,"comment_status":"closed","ping_status":"closed","template":"","meta":{"footnotes":""},"class_list":["post-61","page","type-page","status-publish","hentry"],"_links":{"self":[{"href":"https:\/\/multiples.parents-to-be.info\/index.php?rest_route=\/wp\/v2\/pages\/61","targetHints":{"allow":["GET"]}}],"collection":[{"href":"https:\/\/multiples.parents-to-be.info\/index.php?rest_route=\/wp\/v2\/pages"}],"about":[{"href":"https:\/\/multiples.parents-to-be.info\/index.php?rest_route=\/wp\/v2\/types\/page"}],"author":[{"embeddable":true,"href":"https:\/\/multiples.parents-to-be.info\/index.php?rest_route=\/wp\/v2\/users\/1"}],"replies":[{"embeddable":true,"href":"https:\/\/multiples.parents-to-be.info\/index.php?rest_route=%2Fwp%2Fv2%2Fcomments&post=61"}],"version-history":[{"count":8,"href":"https:\/\/multiples.parents-to-be.info\/index.php?rest_route=\/wp\/v2\/pages\/61\/revisions"}],"predecessor-version":[{"id":921,"href":"https:\/\/multiples.parents-to-be.info\/index.php?rest_route=\/wp\/v2\/pages\/61\/revisions\/921"}],"wp:attachment":[{"href":"https:\/\/multiples.parents-to-be.info\/index.php?rest_route=%2Fwp%2Fv2%2Fmedia&parent=61"}],"curies":[{"name":"wp","href":"https:\/\/api.w.org\/{rel}","templated":true}]}}