{"id":68,"date":"2021-03-04T13:49:27","date_gmt":"2021-03-04T12:49:27","guid":{"rendered":"https:\/\/parents-to-be.info\/?page_id=68"},"modified":"2023-03-05T11:25:03","modified_gmt":"2023-03-05T10:25:03","slug":"geburt","status":"publish","type":"page","link":"https:\/\/multiples.parents-to-be.info\/?page_id=68&lang=de","title":{"rendered":"Wichtiges zur Geburt von Zwillingen oder Mehrlingen"},"content":{"rendered":"<div>\n<p><span lang=\"DE\">Sie sind in freudiger Erwartung von Zwillingen oder h\u00f6hergradigen Mehrlingen und vielleicht machen Sie sich Gedanken, wie Ihre Kinder zur Welt kommen k\u00f6nnen. Nat\u00fcrlich vertrauen Sie dabei auf die Ratschl\u00e4ge Ihrer \u00c4rzte*innen. Unabh\u00e4ngig davon m\u00f6chten wir Ihnen gerne einige allgemeine Gedanken zum Verst\u00e4ndnis wesentlicher Aspekte zum Thema Geburt von Mehrlingen mitteilen. Dabei sollten folgende Punkte in Ihre Entscheidungen mit einflie\u00dfen.<o:p><\/o:p><\/span><\/p>\n<\/div>\n<div>\n<p><strong><span lang=\"DE\">Wahl des Geburtszentrums<\/span><\/strong><span lang=\"DE\"><o:p><\/o:p><\/span><\/p>\n<\/div>\n<div>\n<p><span lang=\"DE\">Wichtig ist, geraume Zeit vor der Entbindung ein Zentrum auszusuchen, wo gen\u00fcgend Erfahrung und Expertise mit Mehrlingsgeburten besteht und die Spezialisten, die Erfahrung haben, auch rund um die Geburt einsetzbar <span>\u00a0<\/span>sind. Fragen Sie daher aktiv beim Besuch der Klinik, wer Ihnen bei der Geburt \u00e4rztlicherseits zur Seite steht und wie viel Erfahrung dieser Spezialist *in bereits hat. F\u00fcr die Klinik gibt es folgende indirekte Qualit\u00e4tsmerkmale:<o:p><\/o:p><\/span><\/p>\n<\/div>\n<div>\n<ol>\n<li><span lang=\"DE\">Anzahl der Zwillingsgeburten\/Jahr.<\/span><\/li>\n<li>Anzahl der vaginalen Zwillingsgeburten bezogen auf die Gesamtzahl. Vergewissern Sie sich, dass diese spezialisierten Geburtsmediziner zu jeder Tages- und Nachtzeit anwesend \u00a0sein k\u00f6nnen.<\/li>\n<li>Unabh\u00e4ngig davon k\u00f6nnen nach Mehrlingsgeburten h\u00e4ufiger Problemen bei den Kindern entstehen, die nach der Geburt eine gute Versorgung durch einen Kinderarzt erfordern. Fragen Sie daher, ob auch 2 Kinder\u00e4rzte bei der Geburt von Zwillingen pr\u00e4sent sein k\u00f6nnen.<\/li>\n<\/ol>\n<\/div>\n<div>\n<p><strong><span lang=\"DE\">Wahl des Geburtsweges:\u00a0<\/span><\/strong><span lang=\"DE\"><o:p><\/o:p><\/span><\/p>\n<\/div>\n<div>\n<p><strong><span lang=\"DE\">Vaginale Geburt<\/span><\/strong><span lang=\"DE\"><o:p><\/o:p><\/span><\/p>\n<\/div>\n<div>\n<p><span lang=\"DE\">Vor der Geburt sollte bereits das Anlegen einer Periduralan\u00e4sthesie besprochen werden. Dies ist nicht nur hilfreich, um den Wehenschmerz ertr\u00e4glich zu machen, sondern unumg\u00e4nglich, wenn pl\u00f6tzlich zur Geburt des 2. Zwillings innere Handgriffe ausgef\u00fchrt werden m\u00fcssen, die sonst f\u00fcr die M\u00fctter sehr schmerzhaft w\u00e4ren.<o:p><\/o:p><\/span><\/p>\n<\/div>\n<div>\n<p><span lang=\"DE\">EIHAUTVERH\u00c4LTNISSE<o:p><\/o:p><\/span><\/p>\n<\/div>\n<div>\n<p><span lang=\"DE\">Wenn zwischen beiden Mehrlingen keine Membran vorhanden ist (monoamniale Zwillinge), sollte ein geplanter Kaiserschnitt stattfinden wegen der Gefahr einer Nabelschnurkomplikation.<o:p><\/o:p><\/span><\/p>\n<\/div>\n<div>\n<p><span lang=\"DE\">Ist eine Membran zwischen beiden Zwillingen vorhanden, egal ob bei monochorialen diamnialen oder dichorialen Eihautverh\u00e4ltnissen, steht einer vaginalen Geburt nichts im Wege. Besondere Komplikationen wie ein Transfusionssyndrome, Fehlbildungen oder ausgepr\u00e4gte <span>\u00a0<\/span>Wachstumsdiskordanz sollten vorher mit Ultraschall <span>\u00a0<\/span>ausgeschlossen werden.\u00a0\u00a0<o:p><\/o:p><\/span><\/p>\n<\/div>\n<div>\n<p><span lang=\"DE\">LAGE DER KINDER<o:p><\/o:p><\/span><\/p>\n<\/div>\n<div>\n<p><span lang=\"DE\">Liegt der erste Zwilling in Sch\u00e4dellage (Kopf nach unten), gibt es bei erfahrenen Geburtshelfern auch dann keine Kontraindikation zur Vaginalgeburt, wenn <span>\u00a0<\/span>der zweite Zwilling in Beckenendlage liegt. <span>\u00a0<\/span>W\u00e4hrend der Geburt k\u00f6nnen nat\u00fcrlich noch immer unerwartete Situationen auftreten, die eine Kaiserschnitt-Entbindung erfordern.<o:p><\/o:p><\/span><\/p>\n<\/div>\n<div>\n<p><span lang=\"DE\">Liegt der erste Zwilling zu Beginn der Geburt in Querlage, muss die Geburt in jedem Fall mit Kaiserschnitt durchgef\u00fchrt werden, liegt er in Beckenendlage, halten Sie sich an die Ratschl\u00e4ge Ihres Geburtshelfers. Wichtig zu erw\u00e4hnen ist, dass ein Kaiserschnitt hier nicht zwingend ist.<o:p><\/o:p><\/span><\/p>\n<\/div>\n<div>\n<p><span lang=\"DE\">ZUSTAND NACH KAISERSCHNITT <\/span><\/p>\n<p><span lang=\"DE\">Auch wenn eine Mutter bereits einen Kaiserschnitt hinter sich hat, ist selbst bei Zwillingsschwangerschaft eine vaginale Entbindung m\u00f6glich.<o:p><\/o:p><\/span><\/p>\n<\/div>\n<div>\n<p><strong><span lang=\"DE\">Kaiserschnitt<\/span><\/strong><span lang=\"DE\"><o:p><\/o:p><\/span><\/p>\n<\/div>\n<div>\n<p><span lang=\"DE\">Keine wissenschaftlich fundierte Studie konnte bis heute eine \u00dcberlegenheit einer Kaiserschnittentbindung im Vergleich zur Vaginalgeburt bei Zwillingsschwangerschaften nachweisen, wenn der erste Zwilling in Sch\u00e4dellage liegt. Im Gegenteil, die m\u00fctterlichen Risiken wie Verletzungen und Infektionen im Wochenbett und selbst die kindlichen Krankheitsraten sind bei Kaiserschnitt eher erh\u00f6ht.<o:p><\/o:p><\/span><\/p>\n<\/div>\n<div>\n<p><span lang=\"DE\">Sekund\u00e4re Kaiserschnitte k\u00f6nnen allerdings immer w\u00e4hrend einer Vaginalgeburt erforderlich werden.\u00a0Auch bei Kaiserschnittentbindungen von Zwillingen ist Expertise der Spezialisten gefragt.<o:p><\/o:p><\/span><\/p>\n<\/div>\n<div>\n<p><strong><span lang=\"DE\">Nachgeburtsphase<\/span><\/strong><span lang=\"DE\"><o:p><\/o:p><\/span><\/p>\n<\/div>\n<div>\n<p><span lang=\"DE\">Da Mehrlingsschwangerschaften unabh\u00e4ngig vom Geburtsmodus eine erh\u00f6hte nachgeburtliche Blutungsneigung haben, <span>\u00a0<\/span>das Plazentabett mit offenen Gef\u00e4\u00dfen gr\u00f6sser ist und die Geb\u00e4rmutter sich aufgrund der \u00dcberdehnung schwerer zusammenzieht, ist auch hier die Geburt in einem Kompetenzzentrum anzuraten, wo man schnell bei Blutverlust Therapiema\u00dfnahmen einleiten kann.<o:p><\/o:p><\/span><\/p>\n<\/div>\n<div>\n<p><strong><span lang=\"DE\">Kindliche Nachbetreuung<\/span><\/strong><span lang=\"DE\"><o:p><\/o:p><\/span><\/p>\n<\/div>\n<div>\n<p><span lang=\"DE\">Es ist dringend zu empfehlen, dass die Geburtsklinik eine Kinderklinik mit Kinder\u00e4rzten vor Ort hat, die rum die Uhr zur Verf\u00fcgung stehen. Bei Fr\u00fchgeburten vor der 34. Schwangerschaftswoche sollte auch eine neonatologische Intensivstation vorhanden sein.<o:p><\/o:p><\/span><\/p>\n<\/div>\n<div>\n<p><span lang=\"DE\">Detailliertere Informationen erhalten Sie auf unseren<\/span><span style=\"color: #0000ff;\"><span lang=\"DE\">\u00a0<\/span><span lang=\"DE\"><a href=\"https:\/\/multiples.parents-to-be.info\/wp-content\/uploads\/2023\/03\/Geburtsmodus.pdf\" title=\"https:\/\/multiples.parents-to-be.info\/wp-content\/uploads\/2022\/03\/Information-zu-Lebensstil-und-muetterlicher-Gewichtskontrolle-bei-Schwangeren-mit-Mehrlingen.pdf\" style=\"color: #0000ff;\"><b>Informationsbogen<\/b><\/a><\/span><\/span><strong><span lang=\"DE\">.<o:p><\/o:p><\/span><\/strong><\/p>\n<\/div>\n","protected":false},"excerpt":{"rendered":"<p>Sie sind in freudiger Erwartung von Zwillingen oder h\u00f6hergradigen Mehrlingen und vielleicht machen Sie sich Gedanken, wie Ihre Kinder zur Welt kommen k\u00f6nnen. Nat\u00fcrlich vertrauen Sie dabei auf die Ratschl\u00e4ge Ihrer \u00c4rzte*innen. Unabh\u00e4ngig davon m\u00f6chten wir Ihnen gerne einige allgemeine Gedanken zum Verst\u00e4ndnis wesentlicher Aspekte zum Thema Geburt von Mehrlingen [&hellip;]<\/p>\n","protected":false},"author":1,"featured_media":0,"parent":0,"menu_order":0,"comment_status":"closed","ping_status":"closed","template":"","meta":{"footnotes":""},"class_list":["post-68","page","type-page","status-publish","hentry"],"_links":{"self":[{"href":"https:\/\/multiples.parents-to-be.info\/index.php?rest_route=\/wp\/v2\/pages\/68","targetHints":{"allow":["GET"]}}],"collection":[{"href":"https:\/\/multiples.parents-to-be.info\/index.php?rest_route=\/wp\/v2\/pages"}],"about":[{"href":"https:\/\/multiples.parents-to-be.info\/index.php?rest_route=\/wp\/v2\/types\/page"}],"author":[{"embeddable":true,"href":"https:\/\/multiples.parents-to-be.info\/index.php?rest_route=\/wp\/v2\/users\/1"}],"replies":[{"embeddable":true,"href":"https:\/\/multiples.parents-to-be.info\/index.php?rest_route=%2Fwp%2Fv2%2Fcomments&post=68"}],"version-history":[{"count":11,"href":"https:\/\/multiples.parents-to-be.info\/index.php?rest_route=\/wp\/v2\/pages\/68\/revisions"}],"predecessor-version":[{"id":1006,"href":"https:\/\/multiples.parents-to-be.info\/index.php?rest_route=\/wp\/v2\/pages\/68\/revisions\/1006"}],"wp:attachment":[{"href":"https:\/\/multiples.parents-to-be.info\/index.php?rest_route=%2Fwp%2Fv2%2Fmedia&parent=68"}],"curies":[{"name":"wp","href":"https:\/\/api.w.org\/{rel}","templated":true}]}}