{"id":76,"date":"2021-03-04T13:49:56","date_gmt":"2021-03-04T12:49:56","guid":{"rendered":"https:\/\/parents-to-be.info\/?page_id=76"},"modified":"2023-04-24T20:35:36","modified_gmt":"2023-04-24T19:35:36","slug":"varia-downloads-2","status":"publish","type":"page","link":"https:\/\/multiples.parents-to-be.info\/?page_id=76&lang=de","title":{"rendered":"Downloads"},"content":{"rendered":"<ul>\n<li><span style=\"color: #0000ff;\"><strong><a href=\"https:\/\/multiples.parents-to-be.info\/wp-content\/uploads\/2023\/04\/Ultraschalluntersuchungen-und-Dopplersonographie23042023.pdf\" style=\"color: #0000ff;\">Ultraschalluntersuchungen und Dopplersonographie in Zwillings- und Mehrlingsschwangerschaften<\/a><\/strong><\/span><\/li>\n<li><span style=\"color: #0000ff;\"><strong><a href=\"https:\/\/multiples.parents-to-be.info\/wp-content\/uploads\/2023\/03\/Genetik-2.pdf\" style=\"color: #0000ff;\">Fr\u00fche invasive und niche-invasive Diagnostik zum Ausschluss chromosomal oder genetischer Fehlbildungen bei Mehrlingen<\/a><\/strong><\/span><\/li>\n<li><span style=\"color: #0000ff;\"><strong><a href=\"https:\/\/multiples.parents-to-be.info\/wp-content\/uploads\/2023\/03\/Gewichtskontrolle.pdf\" style=\"color: #0000ff;\">M\u00fctterlicher Gewicht und Gewichtsverlauf<\/a><\/strong><\/span><\/li>\n<li><span style=\"color: #0000ff;\"><a href=\"https:\/\/multiples.parents-to-be.info\/wp-content\/uploads\/2023\/04\/Fruehgeburtspraevention24042023-5.pdf\" style=\"color: #0000ff;\"><strong>Fr\u00fchgeburtsdiagnostik und -pr\u00e4vention in Mehrlingsschwangerschaften<\/strong><\/a><\/span><\/li>\n<li><span style=\"color: #0000ff;\"><a href=\"https:\/\/multiples.parents-to-be.info\/wp-content\/uploads\/2023\/03\/Geburtsmodus.pdf\" style=\"color: #0000ff;\"><strong>Geburt von Zwillingen und h\u00f6hergradigen Mehrlingen<\/strong><\/a><\/span><\/li>\n<li><span style=\"color: #0000ff;\"><a href=\"https:\/\/multiples.parents-to-be.info\/wp-content\/uploads\/2023\/02\/Stillen.pdf\" style=\"color: #0000ff;\"><strong>Stillen<\/strong><\/a><\/span><\/li>\n<\/ul>\n","protected":false},"excerpt":{"rendered":"<p>Ultraschalluntersuchungen und Dopplersonographie in Zwillings- und Mehrlingsschwangerschaften Fr\u00fche invasive und niche-invasive Diagnostik zum Ausschluss chromosomal oder genetischer Fehlbildungen bei Mehrlingen M\u00fctterlicher Gewicht und Gewichtsverlauf Fr\u00fchgeburtsdiagnostik und -pr\u00e4vention in Mehrlingsschwangerschaften Geburt von Zwillingen und h\u00f6hergradigen Mehrlingen Stillen<\/p>\n","protected":false},"author":1,"featured_media":0,"parent":0,"menu_order":0,"comment_status":"closed","ping_status":"closed","template":"","meta":{"footnotes":""},"class_list":["post-76","page","type-page","status-publish","hentry"],"_links":{"self":[{"href":"https:\/\/multiples.parents-to-be.info\/index.php?rest_route=\/wp\/v2\/pages\/76","targetHints":{"allow":["GET"]}}],"collection":[{"href":"https:\/\/multiples.parents-to-be.info\/index.php?rest_route=\/wp\/v2\/pages"}],"about":[{"href":"https:\/\/multiples.parents-to-be.info\/index.php?rest_route=\/wp\/v2\/types\/page"}],"author":[{"embeddable":true,"href":"https:\/\/multiples.parents-to-be.info\/index.php?rest_route=\/wp\/v2\/users\/1"}],"replies":[{"embeddable":true,"href":"https:\/\/multiples.parents-to-be.info\/index.php?rest_route=%2Fwp%2Fv2%2Fcomments&post=76"}],"version-history":[{"count":41,"href":"https:\/\/multiples.parents-to-be.info\/index.php?rest_route=\/wp\/v2\/pages\/76\/revisions"}],"predecessor-version":[{"id":1031,"href":"https:\/\/multiples.parents-to-be.info\/index.php?rest_route=\/wp\/v2\/pages\/76\/revisions\/1031"}],"wp:attachment":[{"href":"https:\/\/multiples.parents-to-be.info\/index.php?rest_route=%2Fwp%2Fv2%2Fmedia&parent=76"}],"curies":[{"name":"wp","href":"https:\/\/api.w.org\/{rel}","templated":true}]}}